{"id":3,"date":"2023-10-03T10:59:46","date_gmt":"2023-10-03T10:59:46","guid":{"rendered":"https:\/\/sdmtest.strettodimessina.it\/?page_id=3"},"modified":"2025-04-15T10:57:24","modified_gmt":"2025-04-15T10:57:24","slug":"privacy-policy","status":"publish","type":"page","link":"https:\/\/strettodimessina.it\/web\/privacy-policy\/","title":{"rendered":"Privacy Policy"},"content":{"rendered":"\r\n<h1 class=\"elementor-heading-title elementor-size-default wp-block-heading\">INFORMAZIONI SUL TRATTAMENTO DEI DATI PERSONALI<\/h1>\r\n\r\n\r\n\r\n<h2><strong>AI SENSI DELL\u2019ARTICOLO 13 DEL REGOLAMENTO (UE) 2016\/679<\/strong><\/h2>\r\n\r\n\r\n\r\n<p><strong>PERCH\u00c9 QUESTE INFORMAZIONI<br \/><\/strong>Ai sensi del Regolamento (UE) 2016\/679 (di seguito \u201cRegolamento\u201d), questa pagina descrive le modalit\u00e0 di trattamento dei dati personali degli utenti che consultano il sito web\u00a0Stretto di Messina S.p.A. accessibili per via telematica ai seguenti indirizzi:<\/p>\r\n<ul>\r\n<li>strettodimessina.it<\/li>\r\n<\/ul>\r\n<p>Le presenti informazioni non riguardano altri siti, pagine o servizi online raggiungibili tramite link ipertestuali eventualmente pubblicati nei siti ma riferiti a risorse esterne al dominio Stretto di Messina S.p.A.<\/p>\r\n<p><strong>TITOLARE DEL TRATTAMENTO<br \/><\/strong>A seguito della consultazione dei siti sopra elencati possono essere trattati dati relativi a persone fisiche identificate o identificabili.<br \/>Titolare del trattamento \u00e8 Stretto di Messina S.p.A. con sede in Via Marsala, 27 00185 Roma RM (Email:<a href=\"mailto:titolaretrattamento@strettodimessina.it\"><span style=\"color: #006edb;\"> titolaretrattamento@strettodimessina.it<\/span><\/a>, telefono +39 06 858 261).<\/p>\r\n<p><strong>BASE GIURIDICA DEL TRATTAMENTO<br \/><\/strong>I dati personali indicati in questa pagina sono trattati nell\u2019ambito del proprio legittimo interesse prevalente consistente nell\u2019esporre al pubblico, all\u2019interno del presente \u201csito vetrina\u201d i beni ed i servizi offerti e dando la possibilit\u00e0 agli utenti del sito di richiedere informazioni, nelle forme e modalit\u00e0 descritti ed attuate nella sezione \u201ccontatti\u201d.<\/p>\r\n<p><strong>TIPI DI DATI TRATTATI E FINALIT\u00c0 DEL TRATTAMENTO<\/strong><\/p>\r\n<p><em>Dati di navigazione\u00a0\u00a0\u00a0<\/em><\/p>\r\n<p>I sistemi informatici e le procedure software preposte al funzionamento di questo sito acquisiscono, nel corso del loro normale esercizio, alcuni dati personali la cui trasmissione \u00e8 implicita nell\u2019uso dei protocolli di comunicazione di Internet.<\/p>\r\n<p>In questa categoria di dati rientrano gli indirizzi IP o i nomi a dominio dei computer e dei terminali utilizzati dagli utenti, gli indirizzi in notazione URI\/URL (Uniform Resource Identifier\/Locator) delle risorse richieste, l\u2019orario della richiesta, il metodo utilizzato nel sottoporre la richiesta al server, la dimensione del file ottenuto in risposta, il codice numerico indicante lo stato della risposta data dal server (buon fine, errore, ecc.) ed altri parametri relativi al sistema operativo e all\u2019ambiente informatico dell\u2019utente.<\/p>\r\n<p>Tali dati, necessari per la fruizione dei servizi web, vengono anche trattati allo scopo di:<\/p>\r\n<ul>\r\n<li>ottenere informazioni statistiche sull\u2019uso dei servizi (pagine pi\u00f9 visitate, numero di visitatori per fascia oraria o giornaliera, aree geografiche di provenienza, ecc.);<\/li>\r\n<li>controllare il corretto funzionamento dei servizi offerti.<\/li>\r\n<\/ul>\r\n<p>I dati di navigazione non persistono per pi\u00f9 di sette giorni e vengono cancellati immediatamente dopo la loro aggregazione (salve eventuali necessit\u00e0 di accertamento di reati da parte dell\u2019Autorit\u00e0 giudiziaria).<\/p>\r\n<p><strong><em>Dati comunicati dall\u2019utente<br \/><\/em><\/strong>L\u2019invio facoltativo, esplicito e volontario di messaggi agli indirizzi di contatto, nonch\u00e9 la compilazione e l\u2019inoltro dei moduli presenti sui siti sopra indicati, comportano l\u2019acquisizione dei dati di contatto del mittente, necessari a rispondere, nonch\u00e9 di tutti i dati personali inclusi nelle comunicazioni.<br \/>Specifiche informative verranno pubblicate nelle pagine dei siti sopra indicate, predisposte per l\u2019erogazione di determinati servizi.<\/p>\r\n<p><strong><em>Cookie e altri sistemi di tracciamento<br \/><\/em><\/strong>Viene invece fatto uso di cookie (non persistenti) in modo strettamente limitato a quanto necessario per la navigazione sicura ed efficiente dei siti. La memorizzazione dei cookie di sessione nei terminali o nei browser \u00e8 sotto il controllo dell\u2019utente, laddove sui server, al termine delle sessioni HTTP, informazioni relative ai cookie restano registrate nei log dei servizi, con tempi di conservazione, comunque, non superiori ai sette giorni al pari degli altri dati di navigazione. Informazioni pi\u00f9 dettagliate sono contenute nella\u00a0<a title=\"Cookie Policy\" href=\"https:\/\/strettodimessina.it\/web\/index.php\/cookie\/\">cookie policy<\/a>\u00a0pubblicata su questo sito.<\/p>\r\n<p><strong>DESTINATARI DEI DATI<br \/><\/strong>Sono destinatari dei dati raccolti a seguito della consultazione dei siti sopra elencati i seguenti soggetti designati dal Garante, ai sensi dell\u2019articolo 28 del Regolamento, quali responsabili del trattamento.<br \/>I dati personali raccolti sono altres\u00ec trattati dal personale della societ\u00e0, che agisce sulla base di specifiche istruzioni fornite in ordine a finalit\u00e0 e modalit\u00e0 del trattamento medesimo.<\/p>\r\n<p><strong>DIRITTI DEGLI INTERESSATI<br \/><\/strong>Gli interessati hanno il diritto di ottenere, nei casi previsti, l\u2019accesso ai dati personali e la rettifica o la cancellazione degli stessi o la limitazione del trattamento che li riguarda o di opporsi al trattamento (artt. 15 e ss. del Regolamento). L\u2019apposita istanza \u00e8 presentata al Titolare e\/o al Responsabile per la protezione dei dati personali, contattandoli agli indirizzi sopra indicati.<\/p>\r\n<p><strong>DIRITTO DI RECLAMO<br \/><\/strong>Gli interessati che ritengono che il trattamento dei dati personali a loro riferiti effettuato attraverso questo sito avvenga in violazione di quanto previsto dal Regolamento hanno il diritto di proporre reclamo al Garante, come previsto dall\u2019art. 77 del Regolamento stesso, o di adire le opportune sedi giudiziarie (art. 79 del Regolamento).<\/p>\r\n<p><strong>Il Data Protection Officer<br \/><\/strong>Il GDPR introduce, tra le molte novit\u00e0, la figura del \u201cResponsabile della protezione dei dati\u201d (Data Protection Officer o DPO), incaricato di sorvegliare sull\u2019osservanza del Regolamento stesso.<\/p>\r\n<p><strong>Il Data Protection Officer di Stretto di Messina S.p.A.<\/strong>\u00a0\u00e8 contattabile all\u2019indirizzo mail\u00a0<a href=\"mailto:protezionedati@strettodimessina.it\" target=\"_self\" rel=\"noopener\">protezionedati@strettodimessina.it<\/a><\/p>\r\n<ul>\r\n<li><strong><a href=\"https:\/\/strettodimessina.it\/web\/wp-content\/uploads\/2024\/04\/Informativa_Gestione_Espropri-25.3.24.pdf\">Informativa Gestione Espropri<\/a><\/strong><\/li>\r\n<li><strong><a href=\"https:\/\/strettodimessina.it\/web\/wp-content\/uploads\/2024\/05\/SdM_Informativa-accesso-civico_def.pdf\">Informativa accesso civico<\/a><\/strong><\/li>\r\n<li><strong><a href=\"https:\/\/strettodimessina.it\/web\/wp-content\/uploads\/2024\/05\/SdM_informativa_trattamento_dati_personali.pdf\">Informativa trattamento dati personali<\/a><\/strong><\/li>\r\n<li><strong><a href=\"https:\/\/strettodimessina.it\/web\/wp-content\/uploads\/2024\/12\/SdM_Informativa-Whistleblowing-20241209.pdf\">Informativa Whistleblowing<\/a><\/strong><\/li>\r\n<\/ul>\r\n","protected":false},"excerpt":{"rendered":"<p>INFORMAZIONI SUL TRATTAMENTO DEI DATI PERSONALI AI SENSI DELL\u2019ARTICOLO 13 DEL REGOLAMENTO (UE) 2016\/679 PERCH\u00c9 QUESTE INFORMAZIONIAi sensi del Regolamento (UE) 2016\/679 (di seguito \u201cRegolamento\u201d), questa pagina descrive le modalit\u00e0 di trattamento dei dati personali degli utenti che consultano il sito web\u00a0Stretto di Messina S.p.A. accessibili per via telematica ai seguenti indirizzi: strettodimessina.it Le presenti &hellip; <\/p>\n<p class=\"link-more\"><a href=\"https:\/\/strettodimessina.it\/web\/privacy-policy\/\" class=\"more-link\">Read More <span class=\"screen-reader-text\"> &#8220;Privacy Policy&#8221;<\/span><\/a><\/p>\n","protected":false},"author":1,"featured_media":0,"parent":0,"menu_order":0,"comment_status":"closed","ping_status":"closed","template":"","meta":{"inline_featured_image":false,"footnotes":""},"class_list":["post-3","page","type-page","status-publish","hentry"],"aioseo_notices":[],"_links":{"self":[{"href":"https:\/\/strettodimessina.it\/web\/wp-json\/wp\/v2\/pages\/3","targetHints":{"allow":["GET"]}}],"collection":[{"href":"https:\/\/strettodimessina.it\/web\/wp-json\/wp\/v2\/pages"}],"about":[{"href":"https:\/\/strettodimessina.it\/web\/wp-json\/wp\/v2\/types\/page"}],"author":[{"embeddable":true,"href":"https:\/\/strettodimessina.it\/web\/wp-json\/wp\/v2\/users\/1"}],"replies":[{"embeddable":true,"href":"https:\/\/strettodimessina.it\/web\/wp-json\/wp\/v2\/comments?post=3"}],"version-history":[{"count":15,"href":"https:\/\/strettodimessina.it\/web\/wp-json\/wp\/v2\/pages\/3\/revisions"}],"predecessor-version":[{"id":17547,"href":"https:\/\/strettodimessina.it\/web\/wp-json\/wp\/v2\/pages\/3\/revisions\/17547"}],"wp:attachment":[{"href":"https:\/\/strettodimessina.it\/web\/wp-json\/wp\/v2\/media?parent=3"}],"curies":[{"name":"wp","href":"https:\/\/api.w.org\/{rel}","templated":true}]}}