{"id":14541,"date":"2025-01-21T11:32:57","date_gmt":"2025-01-21T11:32:57","guid":{"rendered":"https:\/\/strettodimessina.it\/web\/?page_id=14541"},"modified":"2025-03-06T10:37:05","modified_gmt":"2025-03-06T10:37:05","slug":"in-generale-per-costruire-infrastrutture-occorre-molta-acqua-dove-sara-reperita-quella-necessaria-per-il-ponte-sullo-stretto-di-messina","status":"publish","type":"page","link":"https:\/\/strettodimessina.it\/web\/faq-domande-frequenti-ponte-sullo-stretto-di-messina\/in-generale-per-costruire-infrastrutture-occorre-molta-acqua-dove-sara-reperita-quella-necessaria-per-il-ponte-sullo-stretto-di-messina\/","title":{"rendered":"In generale per costruire infrastrutture occorre molta acqua: dove sar\u00e0 reperita quella necessaria per il ponte sullo Stretto di Messina?"},"content":{"rendered":"\t\t<div data-elementor-type=\"wp-post\" data-elementor-id=\"14541\" class=\"elementor elementor-14541\" data-elementor-post-type=\"page\">\n\t\t\t\t\t\t<section class=\"elementor-section elementor-top-section elementor-element elementor-element-c7ac5c4 elementor-section-boxed elementor-section-height-default elementor-section-height-default\" data-id=\"c7ac5c4\" data-element_type=\"section\" data-e-type=\"section\">\n\t\t\t\t\t\t<div class=\"elementor-container elementor-column-gap-default\">\n\t\t\t\t\t<div class=\"elementor-column elementor-col-100 elementor-top-column elementor-element elementor-element-8bcc195\" data-id=\"8bcc195\" data-element_type=\"column\" data-e-type=\"column\">\n\t\t\t<div class=\"elementor-widget-wrap elementor-element-populated\">\n\t\t\t\t\t\t<div class=\"elementor-element elementor-element-b9ea2de elementor-widget elementor-widget-wp-widget-bcn_widget\" data-id=\"b9ea2de\" data-element_type=\"widget\" data-e-type=\"widget\" data-widget_type=\"wp-widget-bcn_widget.default\">\n\t\t\t\t<div class=\"elementor-widget-container\">\n\t\t\t\t\t<span property=\"itemListElement\" typeof=\"ListItem\"><a property=\"item\" typeof=\"WebPage\" title=\"Vai a Stretto di Messina S.p.A..\" href=\"https:\/\/strettodimessina.it\/web\" class=\"home\" ><span property=\"name\">Stretto di Messina S.p.A.<\/span><\/a><meta property=\"position\" content=\"1\"><\/span> &gt; <span property=\"itemListElement\" typeof=\"ListItem\"><a property=\"item\" typeof=\"WebPage\" title=\"Vai a Archivio News.\" href=\"https:\/\/strettodimessina.it\/web\/archivio-news\/\" class=\"post-root post post-post\" aria-current=\"page\"><span property=\"name\">Archivio News<\/span><\/a><meta property=\"position\" content=\"2\"><\/span>\t\t\t\t<\/div>\n\t\t\t\t<\/div>\n\t\t\t\t<div class=\"elementor-element elementor-element-bc1b5b1 elementor-widget elementor-widget-html\" data-id=\"bc1b5b1\" data-element_type=\"widget\" data-e-type=\"widget\" data-widget_type=\"html.default\">\n\t\t\t\t<div class=\"elementor-widget-container\">\n\t\t\t\t\t<style>\n    .elementor a {\n    box-shadow: none;\n    text-decoration: none;\n    color: #156fbf;\n    font-weight: bold;\n}\n\n.elementor-widget-accordion .elementor-tab-content {\n    color: #222 !important;\n}\n.page-title-bar {\n    display: none;\n}\n.line-bianca {\n    .tree ul li::after {\n    border-top: 10px solid red !important;\n    }\n    \n<\/style>\t\t\t\t<\/div>\n\t\t\t\t<\/div>\n\t\t\t\t\t<\/div>\n\t\t<\/div>\n\t\t\t\t\t<\/div>\n\t\t<\/section>\n\t\t<div class=\"elementor-element elementor-element-5a8eddd e-flex e-con-boxed e-con e-parent\" data-id=\"5a8eddd\" data-element_type=\"container\" data-e-type=\"container\">\n\t\t\t\t\t<div class=\"e-con-inner\">\n\t\t<div class=\"elementor-element elementor-element-a316e00 e-con-full e-flex e-con e-child\" data-id=\"a316e00\" data-element_type=\"container\" data-e-type=\"container\" data-settings=\"{&quot;background_background&quot;:&quot;classic&quot;}\">\n\t\t\t\t<div class=\"elementor-element elementor-element-1ae0940 elementor-widget elementor-widget-html\" data-id=\"1ae0940\" data-element_type=\"widget\" data-e-type=\"widget\" data-widget_type=\"html.default\">\n\t\t\t\t<div class=\"elementor-widget-container\">\n\t\t\t\t\t\t\t<div data-elementor-type=\"container\" data-elementor-id=\"14966\" class=\"elementor elementor-14966\" data-elementor-post-type=\"elementor_library\">\n\t\t\t\t<div class=\"elementor-element elementor-element-ee0f442 e-con-full e-flex e-con e-parent\" data-id=\"ee0f442\" data-element_type=\"container\" data-e-type=\"container\">\n\t\t\t\t<div class=\"elementor-element elementor-element-7df993a elementor-widget-divider--view-line elementor-widget elementor-widget-divider\" data-id=\"7df993a\" data-element_type=\"widget\" data-e-type=\"widget\" data-widget_type=\"divider.default\">\n\t\t\t\t<div class=\"elementor-widget-container\">\n\t\t\t\t\t\t\t<div class=\"elementor-divider\">\n\t\t\t<span class=\"elementor-divider-separator\">\n\t\t\t\t\t\t<\/span>\n\t\t<\/div>\n\t\t\t\t\t\t<\/div>\n\t\t\t\t<\/div>\n\t\t\t\t<div class=\"elementor-element elementor-element-86f1b7e elementor-widget elementor-widget-heading\" data-id=\"86f1b7e\" data-element_type=\"widget\" data-e-type=\"widget\" data-widget_type=\"heading.default\">\n\t\t\t\t<div class=\"elementor-widget-container\">\n\t\t\t\t\t<h2 class=\"elementor-heading-title elementor-size-default\">Sezioni<\/h2>\t\t\t\t<\/div>\n\t\t\t\t<\/div>\n\t\t\t\t<div class=\"elementor-element elementor-element-b0c8a69 elementor-widget-divider--view-line elementor-widget elementor-widget-divider\" data-id=\"b0c8a69\" data-element_type=\"widget\" data-e-type=\"widget\" data-widget_type=\"divider.default\">\n\t\t\t\t<div class=\"elementor-widget-container\">\n\t\t\t\t\t\t\t<div class=\"elementor-divider\">\n\t\t\t<span class=\"elementor-divider-separator\">\n\t\t\t\t\t\t<\/span>\n\t\t<\/div>\n\t\t\t\t\t\t<\/div>\n\t\t\t\t<\/div>\n\t\t\t\t<div class=\"elementor-element elementor-element-d1a6550 elementor-widget elementor-widget-text-editor\" data-id=\"d1a6550\" data-element_type=\"widget\" data-e-type=\"widget\" data-widget_type=\"text-editor.default\">\n\t\t\t\t<div class=\"elementor-widget-container\">\n\t\t\t\t\t\t\t\t\t<ul><li><h3 style=\"font-size: 15px; font-weight: 600; text-transform: none;\"><a href=\"https:\/\/strettodimessina.it\/web\/faq-domande-frequenti-ponte-sullo-stretto-di-messina\/#sez1\">Il progetto tecnico del Ponte sullo Stretto di Messina<\/a><\/h3><\/li><li><h3 style=\"font-size: 15px; font-weight: 600; text-transform: none;\"><a href=\"https:\/\/strettodimessina.it\/web\/faq-domande-frequenti-ponte-sullo-stretto-di-messina\/#sez2\">Tappe del progetto e i ruoli<\/a><\/h3><\/li><li><h3 style=\"font-size: 15px; font-weight: 600; text-transform: none;\"><a href=\"https:\/\/strettodimessina.it\/web\/faq-domande-frequenti-ponte-sullo-stretto-di-messina\/#sez3\">Aspetti economico sociali<\/a><\/h3><\/li><li><h3 style=\"font-size: 15px; font-weight: 600; text-transform: none;\"><a href=\"https:\/\/strettodimessina.it\/web\/faq-domande-frequenti-ponte-sullo-stretto-di-messina\/#sez4\">Gli espropri<\/a><\/h3><\/li><\/ul>\t\t\t\t\t\t\t\t<\/div>\n\t\t\t\t<\/div>\n\t\t\t\t<div class=\"elementor-element elementor-element-2d1260c elementor-widget-divider--view-line elementor-widget elementor-widget-divider\" data-id=\"2d1260c\" data-element_type=\"widget\" data-e-type=\"widget\" data-widget_type=\"divider.default\">\n\t\t\t\t<div class=\"elementor-widget-container\">\n\t\t\t\t\t\t\t<div class=\"elementor-divider\">\n\t\t\t<span class=\"elementor-divider-separator\">\n\t\t\t\t\t\t<\/span>\n\t\t<\/div>\n\t\t\t\t\t\t<\/div>\n\t\t\t\t<\/div>\n\t\t\t\t<\/div>\n\t\t\t\t<\/div>\n\t\t\t\t\t\t<\/div>\n\t\t\t\t<\/div>\n\t\t\t\t<\/div>\n\t\t<div class=\"elementor-element elementor-element-4a5d287 animated-fast e-con-full e-flex e-con e-child\" data-id=\"4a5d287\" data-element_type=\"container\" data-e-type=\"container\" data-settings=\"{&quot;animation&quot;:&quot;none&quot;}\">\n\t\t\t\t<div class=\"elementor-element elementor-element-b4a67ed elementor-widget elementor-widget-text-editor\" data-id=\"b4a67ed\" data-element_type=\"widget\" data-e-type=\"widget\" data-widget_type=\"text-editor.default\">\n\t\t\t\t<div class=\"elementor-widget-container\">\n\t\t\t\t\t\t\t\t\t<p><strong>Per l\u2019approvvigionamento dei cantieri del Ponte sullo Stretto non saranno pregiudicate in alcun modo le forniture delle Citt\u00e0 di Messina e Villa San Giovanni.<\/strong> \u00c8 stato valutato uno specifico piano per la sostenibilit\u00e0 idrica dei cantieri. In un\u2019ottica di ridondanza, anche al fine di seguire l\u2019evoluzione temporale del cantiere, \u00e8 stata individuata come soluzione ottimale la realizzazione di nuovi campi pozzi. Si evidenzia che i quantitativi degli approvvigionamenti sono superiori ai fabbisogni dei cantieri e ci\u00f2 consentir\u00e0 l\u2019immissione in rete di un surplus gi\u00e0 durante l\u2019esecuzione dell\u2019opera, lasciando a disposizione delle amministrazioni comunali tale fabbisogno aggiuntivo.<\/p>\t\t\t\t\t\t\t\t<\/div>\n\t\t\t\t<\/div>\n\t\t<div class=\"elementor-element elementor-element-5254d18 e-con-full e-flex e-con e-child\" data-id=\"5254d18\" data-element_type=\"container\" data-e-type=\"container\">\n\t\t\t\t<div class=\"elementor-element elementor-element-566102e elementor-align-center elementor-button-primary elementor-widget elementor-widget-button\" data-id=\"566102e\" data-element_type=\"widget\" data-e-type=\"widget\" data-widget_type=\"button.default\">\n\t\t\t\t<div class=\"elementor-widget-container\">\n\t\t\t\t\t        <div class=\"elementor-button-wrapper\">\n            <a href=\"https:\/\/strettodimessina.it\/web\/faq-domande-frequenti-ponte-sullo-stretto-di-messina\/\" class=\"elementor-button-link elementor-button elementor-size-lg\" role=\"button\">\n                \t\t<span class=\"elementor-button-content-wrapper\">\n\t\t\t\t\t\t\t\t\t<span class=\"elementor-button-text\">Torna indietro<\/span>\n\t\t\t\t\t<\/span>\n\t\t            <\/a>\n        <\/div>\n        \t\t\t\t<\/div>\n\t\t\t\t<\/div>\n\t\t\t\t<\/div>\n\t\t\t\t<\/div>\n\t\t\t\t\t<\/div>\n\t\t\t\t<\/div>\n\t\t\t\t<\/div>\n\t\t","protected":false},"excerpt":{"rendered":"<p>Per l\u2019approvvigionamento dei cantieri del Ponte sullo Stretto non saranno pregiudicate in alcun modo le forniture delle Citt\u00e0 di Messina e Villa San Giovanni. \u00c8 stato valutato uno specifico piano per la sostenibilit\u00e0 idrica dei cantieri. In un\u2019ottica di ridondanza, anche al fine di seguire l\u2019evoluzione temporale del cantiere, \u00e8 stata individuata come soluzione ottimale &hellip; <\/p>\n<p class=\"link-more\"><a href=\"https:\/\/strettodimessina.it\/web\/faq-domande-frequenti-ponte-sullo-stretto-di-messina\/in-generale-per-costruire-infrastrutture-occorre-molta-acqua-dove-sara-reperita-quella-necessaria-per-il-ponte-sullo-stretto-di-messina\/\" class=\"more-link\">Read More <span class=\"screen-reader-text\"> &#8220;In generale per costruire infrastrutture occorre molta acqua: dove sar\u00e0 reperita quella necessaria per il ponte sullo Stretto di Messina?&#8221;<\/span><\/a><\/p>\n","protected":false},"author":1,"featured_media":0,"parent":2686,"menu_order":0,"comment_status":"closed","ping_status":"closed","template":"elementor_theme","meta":{"inline_featured_image":false,"footnotes":""},"class_list":["post-14541","page","type-page","status-publish","hentry"],"aioseo_notices":[],"_links":{"self":[{"href":"https:\/\/strettodimessina.it\/web\/wp-json\/wp\/v2\/pages\/14541","targetHints":{"allow":["GET"]}}],"collection":[{"href":"https:\/\/strettodimessina.it\/web\/wp-json\/wp\/v2\/pages"}],"about":[{"href":"https:\/\/strettodimessina.it\/web\/wp-json\/wp\/v2\/types\/page"}],"author":[{"embeddable":true,"href":"https:\/\/strettodimessina.it\/web\/wp-json\/wp\/v2\/users\/1"}],"replies":[{"embeddable":true,"href":"https:\/\/strettodimessina.it\/web\/wp-json\/wp\/v2\/comments?post=14541"}],"version-history":[{"count":22,"href":"https:\/\/strettodimessina.it\/web\/wp-json\/wp\/v2\/pages\/14541\/revisions"}],"predecessor-version":[{"id":16015,"href":"https:\/\/strettodimessina.it\/web\/wp-json\/wp\/v2\/pages\/14541\/revisions\/16015"}],"up":[{"embeddable":true,"href":"https:\/\/strettodimessina.it\/web\/wp-json\/wp\/v2\/pages\/2686"}],"wp:attachment":[{"href":"https:\/\/strettodimessina.it\/web\/wp-json\/wp\/v2\/media?parent=14541"}],"curies":[{"name":"wp","href":"https:\/\/api.w.org\/{rel}","templated":true}]}}